{"id":22,"date":"2023-11-21T16:37:12","date_gmt":"2023-11-21T15:37:12","guid":{"rendered":"https:\/\/derschuster.de\/?page_id=22"},"modified":"2024-03-09T09:14:07","modified_gmt":"2024-03-09T08:14:07","slug":"homepage","status":"publish","type":"page","link":"https:\/\/derschuster.de\/","title":{"rendered":"Der Roman"},"content":{"rendered":"\n<div class=\"wp-block-group\"><div class=\"wp-block-group__inner-container is-layout-constrained wp-block-group-is-layout-constrained\">\n<div style=\"height:57px\" aria-hidden=\"true\" class=\"wp-block-spacer\"><\/div>\n\n\n\n<h2 class=\"wp-block-heading has-text-align-center has-medium-font-size\" style=\"letter-spacing:1px\">Die Welt steht am Abgrund. Was w\u00fcrdest du f\u00fcr die Rettung opfern? Oder wen?<\/h2>\n\n\n\n<p class=\"has-text-align-center\">Im Jahr 2025 hat das Corona-Virus l\u00e4ngst seinen Schrecken verloren. Die Erinnerungen an Inzidenz, Makenpflicht und Lockdowns sind verblasst.<\/p>\n\n\n\n<p class=\"has-text-align-center\">Doch dann ist es zur\u00fcck, anders und viel, viel schlimmer.<\/p>\n\n\n\n<p class=\"has-text-align-center\">Der junge Assistent Alexander ist Teil eines Forscherteams, das mit Hochdruck nach einer Heilung sucht, w\u00e4hrend die Welt erneut ins Chaos st\u00fcrzt. Das Projekt beginnt vielversprechend. Doch es mehren sich bedenkliche Entscheidungen des Forschungsleiters, bis Alexander vor der Frage steht:<\/p>\n\n\n\n<p class=\"has-text-align-center\"><strong>Was will ich opfern, um die Welt zu retten? Oder wen?<\/strong><\/p>\n<\/div><\/div>\n\n\n\n<div class=\"wp-block-group alignfull pattern_multiple_covers has-background\" id=\"services\" style=\"background-color:#f8f8f8\"><div class=\"wp-block-group__inner-container is-layout-constrained wp-block-group-is-layout-constrained\">\n<h2 class=\"wp-block-heading has-text-align-center\">Bezugsquellen<\/h2>\n\n\n\n<div class=\"wp-block-columns is-layout-flex wp-container-core-columns-is-layout-9d6595d7 wp-block-columns-is-layout-flex\">\n<div class=\"wp-block-column is-layout-flow wp-block-column-is-layout-flow\" style=\"padding-top:0;padding-right:0;padding-bottom:0;padding-left:0\">\n<div class=\"wp-block-cover is-light has-custom-content-position is-position-bottom-center\" style=\"padding-top:var(--wp--preset--spacing--small);padding-right:var(--wp--preset--spacing--x-small);padding-bottom:var(--wp--preset--spacing--small);padding-left:var(--wp--preset--spacing--x-small)\"><span aria-hidden=\"true\" class=\"wp-block-cover__background has-primary-background-color has-background-dim-70 has-background-dim\"><\/span><div class=\"wp-block-cover__inner-container is-layout-flow wp-block-cover-is-layout-flow\"><div class=\"wp-block-image\">\n<figure class=\"aligncenter size-full is-resized\"><a href=\"https:\/\/www.amazon.de\/Antidot-Thies-Schuster\/dp\/B0CTRT7XPY\"><img loading=\"lazy\" decoding=\"async\" width=\"1662\" height=\"2492\" src=\"https:\/\/derschuster.de\/wp-content\/uploads\/2024\/03\/paperback_website-1.png\" alt=\"\" class=\"wp-image-55\" style=\"width:197px;height:auto\" srcset=\"https:\/\/derschuster.de\/wp-content\/uploads\/2024\/03\/paperback_website-1.png 1662w, https:\/\/derschuster.de\/wp-content\/uploads\/2024\/03\/paperback_website-1-200x300.png 200w, https:\/\/derschuster.de\/wp-content\/uploads\/2024\/03\/paperback_website-1-683x1024.png 683w, https:\/\/derschuster.de\/wp-content\/uploads\/2024\/03\/paperback_website-1-768x1152.png 768w, https:\/\/derschuster.de\/wp-content\/uploads\/2024\/03\/paperback_website-1-1024x1536.png 1024w, https:\/\/derschuster.de\/wp-content\/uploads\/2024\/03\/paperback_website-1-1366x2048.png 1366w, https:\/\/derschuster.de\/wp-content\/uploads\/2024\/03\/paperback_website-1-900x1349.png 900w\" sizes=\"auto, (max-width: 1662px) 100vw, 1662px\" \/><\/a><\/figure>\n<\/div>\n\n\n<h3 class=\"wp-block-heading has-text-align-center has-text-color has-link-color has-medium-font-size wp-elements-7814a5533708b3bd140b59c74cc3b04a\" style=\"color:#4a4a4a;margin-top:0;margin-right:0;margin-bottom:0;margin-left:0\"><a href=\"https:\/\/www.amazon.de\/Antidot-Thies-Schuster\/dp\/B0CTRT7XPY\">Taschenbuch<\/a><\/h3>\n\n\n\n<h3 class=\"wp-block-heading has-text-align-center has-text-color has-medium-font-size\" style=\"color:#4a4a4a;margin-top:0;margin-right:0;margin-bottom:0;margin-left:0\">424 Seiten<\/h3>\n\n\n\n<p class=\"has-text-align-center has-text-color has-link-color wp-elements-2a3c36571123fea1e270f69ba6d83be6\" style=\"color:#4a4a4a;margin-top:0;margin-right:0;margin-bottom:0;margin-left:0\"><strong>\u20ac 14,99<\/strong><\/p>\n\n\n\n<p class=\"has-text-align-center has-text-color has-link-color wp-elements-08ebd69a9d1076c22f9b179d52b167ea\" style=\"color:#4a4a4a\">ISBN: 979-8-87944-181-5<\/p>\n<\/div><\/div>\n<\/div>\n\n\n\n<div class=\"wp-block-column is-layout-flow wp-block-column-is-layout-flow\" style=\"padding-top:0;padding-right:0;padding-bottom:0;padding-left:0\">\n<div class=\"wp-block-cover is-light has-custom-content-position is-position-bottom-center\" style=\"padding-top:var(--wp--preset--spacing--small);padding-right:var(--wp--preset--spacing--x-small);padding-bottom:var(--wp--preset--spacing--small);padding-left:var(--wp--preset--spacing--x-small)\"><span aria-hidden=\"true\" class=\"wp-block-cover__background has-primary-background-color has-background-dim-70 has-background-dim\"><\/span><div class=\"wp-block-cover__inner-container is-layout-flow wp-block-cover-is-layout-flow\"><div class=\"wp-block-image is-style-default\">\n<figure class=\"aligncenter size-full is-resized\"><a href=\"https:\/\/www.hugendubel.de\/de\/ebook_epub\/thies_schuster-antidot-47052081-produkt-details.html\"><img loading=\"lazy\" decoding=\"async\" width=\"960\" height=\"1543\" src=\"https:\/\/derschuster.de\/wp-content\/uploads\/2024\/03\/coverimage_new_labeled_resized-1.png\" alt=\"\" class=\"wp-image-52\" style=\"width:184px;height:auto\" srcset=\"https:\/\/derschuster.de\/wp-content\/uploads\/2024\/03\/coverimage_new_labeled_resized-1.png 960w, https:\/\/derschuster.de\/wp-content\/uploads\/2024\/03\/coverimage_new_labeled_resized-1-187x300.png 187w, https:\/\/derschuster.de\/wp-content\/uploads\/2024\/03\/coverimage_new_labeled_resized-1-637x1024.png 637w, https:\/\/derschuster.de\/wp-content\/uploads\/2024\/03\/coverimage_new_labeled_resized-1-768x1234.png 768w, https:\/\/derschuster.de\/wp-content\/uploads\/2024\/03\/coverimage_new_labeled_resized-1-956x1536.png 956w, https:\/\/derschuster.de\/wp-content\/uploads\/2024\/03\/coverimage_new_labeled_resized-1-900x1447.png 900w\" sizes=\"auto, (max-width: 960px) 100vw, 960px\" \/><\/a><\/figure>\n<\/div>\n\n\n<h3 class=\"wp-block-heading has-text-align-center has-text-color has-link-color has-medium-font-size wp-elements-c115b95eff50281ed4729cc7fd684409\" style=\"color:#4a4a4a;margin-top:0;margin-right:0;margin-bottom:0;margin-left:0\"><a href=\"https:\/\/www.hugendubel.de\/de\/ebook_epub\/thies_schuster-antidot-47052081-produkt-details.html\" target=\"_blank\" rel=\"noreferrer noopener\"><span style=\"text-decoration: underline;\">eBook<\/span><\/a><\/h3>\n\n\n\n<h3 class=\"wp-block-heading has-text-align-center has-text-color has-link-color has-medium-font-size wp-elements-ecc07f6fe6830be4bc082360ee606218\" style=\"color:#4a4a4a;margin-top:0;margin-right:0;margin-bottom:0;margin-left:0\"><a href=\"https:\/\/www.amazon.de\/Antidot-Thies-Schuster-ebook\/dp\/B0CLRLGFYB\/\">Kindle<\/a> \/ <a href=\"https:\/\/www.hugendubel.de\/de\/ebook_epub\/thies_schuster-antidot-47052081-produkt-details.html\">ePUB<\/a><\/h3>\n\n\n\n<p class=\"has-text-align-center has-text-color has-link-color wp-elements-a1bfcd78474012dbe521ba4c6913b961\" style=\"color:#4a4a4a;margin-top:0;margin-right:0;margin-bottom:0;margin-left:0\"><strong>\u20ac 8,99<\/strong><\/p>\n\n\n\n<p class=\"has-text-align-center has-text-color has-link-color wp-elements-bb0400cb182fafa9baea3506548e49be\" style=\"color:#4a4a4a\">ISBN: 978-3-75795-687-5<\/p>\n<\/div><\/div>\n<\/div>\n<\/div>\n<\/div><\/div>\n\n\n\n<div id=\"news\" class=\"wp-block-group\"><div class=\"wp-block-group__inner-container is-layout-constrained wp-block-group-is-layout-constrained\">\n<p class=\"has-text-align-left has-secondary-color has-text-color\">Autorenblog<\/p>\n\n\n\n<div class=\"wp-block-query is-layout-flow wp-block-query-is-layout-flow\"><ul class=\"wp-block-post-template is-layout-flow wp-block-post-template-is-layout-flow\"><li class=\"wp-block-post post-76 post type-post status-publish format-standard hentry category-allgemein\">\n\n\n<div style=\"margin-top:0;margin-bottom:0;\" class=\"has-link-color wp-elements-a1817b6b9e4eaefd5826fde68b0a8fdb wp-block-post-date has-text-color has-tertiary-color\"><time datetime=\"2024-05-15T20:41:15+02:00\">15. May 2024<\/time><\/div>\n\n<h3 style=\"margin-top:0;margin-bottom:var(--wp--preset--spacing--x-small);\" class=\"has-link-color wp-elements-2e75b4e4fab489cf445e03eda13279d1 wp-block-post-title\"><a href=\"https:\/\/derschuster.de\/?p=76\" target=\"_self\" >Pflicht erf\u00fcllt!<\/a><\/h3>\n\n<div class=\"has-link-color wp-elements-35937fea96a9b017d3e49328ea8d66b5 wp-block-post-excerpt has-text-color has-tertiary-color\"><p class=\"wp-block-post-excerpt__excerpt\">F\u00fcr mich war es neu, etablierte Autoren kennen es: Die Deutsche Nationalbibliothek erwartet Pflichtexemplare von Werken, die (nicht nur) in Deutschland ver\u00f6ffentlicht werden. Diese werden<\/p><p class=\"wp-block-post-excerpt__more-text\"><a class=\"wp-block-post-excerpt__more-link\" href=\"https:\/\/derschuster.de\/?p=76\">Weiterlesen&#8230;<\/a><\/p><\/div>\n<\/li><li class=\"wp-block-post post-1 post type-post status-publish format-standard has-post-thumbnail hentry category-allgemein\">\n<figure style=\"width:100%;height:240px; margin-bottom:var(--wp--preset--spacing--x-small);\" class=\"wp-block-post-featured-image\"><a href=\"https:\/\/derschuster.de\/?p=1\" target=\"_self\"  style=\"height:240px\"><img loading=\"lazy\" decoding=\"async\" width=\"900\" height=\"996\" src=\"https:\/\/derschuster.de\/wp-content\/uploads\/2024\/03\/foto-900x996.jpg\" class=\"attachment-post-thumbnail size-post-thumbnail wp-post-image\" alt=\"Geschafft!\" style=\"border-radius:5px;height:240px;object-fit:cover;\" srcset=\"https:\/\/derschuster.de\/wp-content\/uploads\/2024\/03\/foto-900x996.jpg 900w, https:\/\/derschuster.de\/wp-content\/uploads\/2024\/03\/foto-271x300.jpg 271w, https:\/\/derschuster.de\/wp-content\/uploads\/2024\/03\/foto-925x1024.jpg 925w, https:\/\/derschuster.de\/wp-content\/uploads\/2024\/03\/foto-768x850.jpg 768w, https:\/\/derschuster.de\/wp-content\/uploads\/2024\/03\/foto-1387x1536.jpg 1387w, https:\/\/derschuster.de\/wp-content\/uploads\/2024\/03\/foto-1850x2048.jpg 1850w\" sizes=\"auto, (max-width: 900px) 100vw, 900px\" \/><\/a><\/figure>\n\n<div style=\"margin-top:0;margin-bottom:0;\" class=\"has-link-color wp-elements-a1817b6b9e4eaefd5826fde68b0a8fdb wp-block-post-date has-text-color has-tertiary-color\"><time datetime=\"2023-11-18T13:27:45+01:00\">18. November 2023<\/time><\/div>\n\n<h3 style=\"margin-top:0;margin-bottom:var(--wp--preset--spacing--x-small);\" class=\"has-link-color wp-elements-2e75b4e4fab489cf445e03eda13279d1 wp-block-post-title\"><a href=\"https:\/\/derschuster.de\/?p=1\" target=\"_self\" >Geschafft!<\/a><\/h3>\n\n<div class=\"has-link-color wp-elements-35937fea96a9b017d3e49328ea8d66b5 wp-block-post-excerpt has-text-color has-tertiary-color\"><p class=\"wp-block-post-excerpt__excerpt\">Heute kam die Sendung mit den Autorenexemplaren an. Ein tolles Gef\u00fchl, mein Werk in der Hand zu halten! Sch\u00f6n ist es geworden. Meine Hoffnung ist,<\/p><p class=\"wp-block-post-excerpt__more-text\"><a class=\"wp-block-post-excerpt__more-link\" href=\"https:\/\/derschuster.de\/?p=1\">Weiterlesen&#8230;<\/a><\/p><\/div>\n<\/li><\/ul>\n\n<\/div>\n\n\n\n<div style=\"height:85px\" aria-hidden=\"true\" class=\"wp-block-spacer\"><\/div>\n<\/div><\/div>\n","protected":false},"excerpt":{"rendered":"<p>Die Welt steht am Abgrund. Was w\u00fcrdest du f\u00fcr die Rettung opfern? Oder wen? Im Jahr 2025 hat das Corona-Virus l\u00e4ngst seinen Schrecken verloren. Die&hellip;<\/p>\n","protected":false},"author":1,"featured_media":0,"parent":0,"menu_order":0,"comment_status":"closed","ping_status":"closed","template":"page-templates\/homepage-no-hero.php","meta":{"iawp_total_views":1207,"footnotes":""},"class_list":["post-22","page","type-page","status-publish","hentry"],"_links":{"self":[{"href":"https:\/\/derschuster.de\/index.php?rest_route=\/wp\/v2\/pages\/22","targetHints":{"allow":["GET"]}}],"collection":[{"href":"https:\/\/derschuster.de\/index.php?rest_route=\/wp\/v2\/pages"}],"about":[{"href":"https:\/\/derschuster.de\/index.php?rest_route=\/wp\/v2\/types\/page"}],"author":[{"embeddable":true,"href":"https:\/\/derschuster.de\/index.php?rest_route=\/wp\/v2\/users\/1"}],"replies":[{"embeddable":true,"href":"https:\/\/derschuster.de\/index.php?rest_route=%2Fwp%2Fv2%2Fcomments&post=22"}],"version-history":[{"count":8,"href":"https:\/\/derschuster.de\/index.php?rest_route=\/wp\/v2\/pages\/22\/revisions"}],"predecessor-version":[{"id":66,"href":"https:\/\/derschuster.de\/index.php?rest_route=\/wp\/v2\/pages\/22\/revisions\/66"}],"wp:attachment":[{"href":"https:\/\/derschuster.de\/index.php?rest_route=%2Fwp%2Fv2%2Fmedia&parent=22"}],"curies":[{"name":"wp","href":"https:\/\/api.w.org\/{rel}","templated":true}]}}